{"id":756,"date":"2011-06-27T22:16:39","date_gmt":"2011-06-27T21:16:39","guid":{"rendered":"http:\/\/silayaya.com\/blog\/?page_id=756"},"modified":"2015-08-30T16:06:35","modified_gmt":"2015-08-30T14:06:35","slug":"proteccion-de-datos","status":"publish","type":"page","link":"https:\/\/silayaya.com\/blog\/proteccion-de-datos\/","title":{"rendered":"Protecci\u00f3n de datos"},"content":{"rendered":"<p>Los usuarios se comprometen a navegar por la p\u00e1gina web y a utilizar el contenido de buena fe.<\/p>\n<p>En cumplimiento de lo establecido en la Ley Org\u00e1nica 15\/1999, de Protecci\u00f3n de Datos de Car\u00e1cter Personal, le informamos de que la cumplimentaci\u00f3n de cualquier formulario existente en Sitio Web www.silayaya.com o la remisi\u00f3n de un correo electr\u00f3nico a cualquiera de nuestros buzones implica la aceptaci\u00f3n de esta pol\u00edtica de privacidad, as\u00ed como la autorizaci\u00f3n a El blog de Silayaya para que trate los datos personales que nos facilite.<\/p>\n<p>Los datos de los usuarios ser\u00e1n utilizados para la comunicaci\u00f3n con los mismos a trav\u00e9s del email.<br \/>\nPor la mera visita a la web, los usuarios no facilitan informaci\u00f3n personal alguna ni queda obligado a facilitarla.<br \/>\nEl ordenador donde est\u00e1 alojada la web utiliza cookies. Estas cookies se instalan autom\u00e1ticamente en el ordenador empleado por los usuarios pero no almacenan ning\u00fan tipo de informaci\u00f3n relativa a \u00e9stos.<\/p>\n<p>Estudiamos las preferencias de nuestros usuarios, sus caracter\u00edsticas demogr\u00e1ficas, sus patrones de tr\u00e1fico, y otra informaci\u00f3n en conjunto para comprender mejor qui\u00e9nes constituyen nuestra audiencia.<br \/>\nPol\u00edtica De Privacidad De Fuentes De Rastreo Utilizadas En Este Sitio:<br \/>\nGoogle (Analytics): http:\/\/www.google.com\/intl\/es_ALL\/privacypolicy.html<\/p>\n<p>&nbsp;<\/p>\n<p>El blog de Silayaya se compromete a guardar la m\u00e1xima reserva y confidencialidad sobre la informaci\u00f3n que le sea facilitada y a utilizarla \u00fanicamente para los fines indicados.<br \/>\nEl blog de Silayaya presume que los datos han sido introducidos por su titular o por persona autorizada por \u00e9ste, as\u00ed como que son correctos y exactos.<\/p>\n<p>En cualquier momento el usuario tendr\u00e1 el derecho de acceso, rectificaci\u00f3n, cancelaci\u00f3n y oposici\u00f3n a todos sus datos personales incluidos en los distintos formularios. Para ejercitar esta facultad el usuario deber\u00e1 solicitarlo al correo electr\u00f3nico info@silayaya.com.<\/p>\n<p>Conforme a la legislaci\u00f3n vigente en materia de protecci\u00f3n de datos, El blog de Silayaya ha adoptado los niveles de seguridad adecuados para proteger los datos facilitados por los usuarios.<\/p>","protected":false},"excerpt":{"rendered":"<p>Los usuarios se comprometen a navegar por la p\u00e1gina web y a utilizar el contenido de buena fe. En cumplimiento de lo establecido en la Ley Org\u00e1nica 15\/1999, de Protecci\u00f3n de Datos de Car\u00e1cter Personal, le informamos de que la cumplimentaci\u00f3n de cualquier formulario existente en Sitio Web www.silayaya.com o la remisi\u00f3n de un correo [&hellip;]<\/p>\n","protected":false},"author":1,"featured_media":0,"parent":0,"menu_order":6,"comment_status":"closed","ping_status":"closed","template":"","meta":[],"_links":{"self":[{"href":"https:\/\/silayaya.com\/blog\/wp-json\/wp\/v2\/pages\/756"}],"collection":[{"href":"https:\/\/silayaya.com\/blog\/wp-json\/wp\/v2\/pages"}],"about":[{"href":"https:\/\/silayaya.com\/blog\/wp-json\/wp\/v2\/types\/page"}],"author":[{"embeddable":true,"href":"https:\/\/silayaya.com\/blog\/wp-json\/wp\/v2\/users\/1"}],"replies":[{"embeddable":true,"href":"https:\/\/silayaya.com\/blog\/wp-json\/wp\/v2\/comments?post=756"}],"version-history":[{"count":16,"href":"https:\/\/silayaya.com\/blog\/wp-json\/wp\/v2\/pages\/756\/revisions"}],"predecessor-version":[{"id":30148,"href":"https:\/\/silayaya.com\/blog\/wp-json\/wp\/v2\/pages\/756\/revisions\/30148"}],"wp:attachment":[{"href":"https:\/\/silayaya.com\/blog\/wp-json\/wp\/v2\/media?parent=756"}],"curies":[{"name":"wp","href":"https:\/\/api.w.org\/{rel}","templated":true}]}}