{"id":3438,"date":"2012-10-25T16:11:05","date_gmt":"2012-10-25T14:11:05","guid":{"rendered":"http:\/\/silayaya.com\/blog\/?page_id=3438"},"modified":"2022-09-28T19:01:52","modified_gmt":"2022-09-28T17:01:52","slug":"hablan-de-nosotras","status":"publish","type":"page","link":"https:\/\/silayaya.com\/blog\/hablan-de-nosotras\/","title":{"rendered":"Hablan de nosotras"},"content":{"rendered":"<p><\/p>\n<div id=\"hablan\">\n<div class=\"hablanespacio\">En esta p\u00e1gina vamos a ir recopilando todas las publicaciones que se hagan sobre SILAYAYA.<\/div>\n<div class=\"hablanfila\">\n<div class=\"hablanizq\"><img loading=\"lazy\" class=\"alignnone size-full wp-image-3823\" title=\"belaba chi chic levante tv\" src=\"http:\/\/silayaya.com\/blog\/wp-content\/uploads\/hablan_belaba_chichic.jpg\" alt=\"\" width=\"170\" height=\"170\" srcset=\"https:\/\/silayaya.com\/blog\/wp-content\/uploads\/hablan_belaba_chichic.jpg 170w, https:\/\/silayaya.com\/blog\/wp-content\/uploads\/hablan_belaba_chichic-150x150.jpg 150w\" sizes=\"(max-width: 170px) 100vw, 170px\" \/><\/div>\n<div class=\"hablander\">\n<div class=\"hablantitulo\">Entrevista a Bego\u00f1a Lagar\u00f3n en Levante TV<\/div>\n<div class=\"hablandertexto\"><span class=\"hablanfecha\">25 enero 2013<\/span><\/p>\n<p>Bego\u00f1a Lagar\u00f3n, directora de <strong>BELABA imagen personal y creatividad<\/strong> nos nombr\u00f3 en la entrevista que le hicieron en el programa Chic Chic de Levante TV.<br \/>\nPuedes ver el v\u00eddeo de la entrevista desde Youtube aqu\u00ed.<\/p>\n<p>www.belaba.com<\/p><\/div>\n<\/div>\n<\/div>\n<div class=\"hablanfila\">\n<div class=\"hablanizq\"><a class=\"textorosabold\" href=\"http:\/\/bolsilandia.blogspot.com.es\/2013\/01\/silayaya.html\" target=\"_blank\" rel=\"noopener noreferrer\"><img loading=\"lazy\" class=\"alignnone size-full wp-image-3817\" title=\"de tacones y bolsos\" src=\"http:\/\/silayaya.com\/blog\/wp-content\/uploads\/hablan_detaconesybolsos.jpg\" alt=\"\" width=\"170\" height=\"170\" srcset=\"https:\/\/silayaya.com\/blog\/wp-content\/uploads\/hablan_detaconesybolsos.jpg 170w, https:\/\/silayaya.com\/blog\/wp-content\/uploads\/hablan_detaconesybolsos-150x150.jpg 150w\" sizes=\"(max-width: 170px) 100vw, 170px\" \/><\/a><\/div>\n<div class=\"hablander\">\n<div class=\"hablantitulo\">SILAYAYA en el blog De Tacones y Bolsos<\/div>\n<div class=\"hablandertexto\"><span class=\"hablanfecha\">21 enero 2013<\/span><\/p>\n<p>Beatriz, del blog <strong>De Tacones y Bolsos<\/strong> publica un art\u00edculo donde explicamos qu\u00e9 es Silayaya, y por qu\u00e9 hacemos lo que hacemos. L\u00e9elo <a href=\"http:\/\/bolsilandia.blogspot.com.es\/2013\/01\/silayaya.html\" target=\"_blank\" rel=\"noopener noreferrer\">aqu\u00ed<\/a>.<\/p>\n<p><a class=\"textorosa\" href=\"http:\/\/bolsilandia.blogspot.com.es\" target=\"_blank\" rel=\"noopener noreferrer\">bolsilandia.blogspot.com.es<\/a><\/div>\n<\/div>\n<\/div>\n<div class=\"hablanfila\">\n<div class=\"hablanizq\"><img loading=\"lazy\" class=\"alignnone size-full wp-image-3829\" title=\"eva alba\" src=\"http:\/\/silayaya.com\/blog\/wp-content\/uploads\/hablan_eva_alba.jpg\" alt=\"\" width=\"170\" height=\"170\" srcset=\"https:\/\/silayaya.com\/blog\/wp-content\/uploads\/hablan_eva_alba.jpg 170w, https:\/\/silayaya.com\/blog\/wp-content\/uploads\/hablan_eva_alba-150x150.jpg 150w\" sizes=\"(max-width: 170px) 100vw, 170px\" \/><\/div>\n<div class=\"hablander\">\n<div class=\"hablantitulo\">SILAYAYA en el blog de Eva Alba Artesan\u00eda<\/div>\n<div class=\"hablandertexto\"><span class=\"hablanfecha\">13 diciembre 2012<\/span><\/p>\n<p>Que otra artesana hable de ti en su blog es siempre un honor. En este caso <strong>Eva Alba<\/strong> nos hace unas preguntas para averiguar qu\u00e9 es SILAYAYA. L\u00e9elo aqu\u00ed.<\/p>\n<p>www.evalbartesania.com<\/p><\/div>\n<\/div>\n<\/div>\n<div class=\"hablanfila\">\n<div class=\"hablanizq\"><a class=\"textorosabold broken_link\" href=\"http:\/\/www.likemycity.com\/2012\/10\/18\/chanel-bags-for-less-than-100\/\" target=\"_blank\" rel=\"noopener noreferrer\"><img loading=\"lazy\" class=\"alignnone size-full wp-image-3464\" title=\"like my city chanel\" src=\"http:\/\/silayaya.com\/blog\/wp-content\/uploads\/hablan_like_my_city_chanel.jpg\" alt=\"\" width=\"170\" height=\"170\" srcset=\"https:\/\/silayaya.com\/blog\/wp-content\/uploads\/hablan_like_my_city_chanel.jpg 170w, https:\/\/silayaya.com\/blog\/wp-content\/uploads\/hablan_like_my_city_chanel-150x150.jpg 150w\" sizes=\"(max-width: 170px) 100vw, 170px\" \/><\/a><\/div>\n<div class=\"hablander\">\n<div class=\"hablantitulo\">\u00a1Un Chanel por menos de 100 libras!<\/div>\n<div class=\"hablandertexto\"><span class=\"hablanfecha\">18 octubre 2012<\/span><\/p>\n<p>En el blog <strong>Like my city<\/strong> se ha publicado un articulo titulado <em>\u00a1Un Chanel por menos de 100 libras!<\/em><br \/>\nEn \u00e9l se hablaba de nuestro proyecto homenaje en ganchillo a los bolsos cl\u00e1sicos: el 2.55 de Chanel y el \u00abBirkin\u00bb y el \u00abKelly\u00bb de Herm\u00e8s. Desc\u00fabrelo <a class=\"textorosabold broken_link\" href=\"http:\/\/www.likemycity.com\/2012\/10\/18\/chanel-bags-for-less-than-100\/\" target=\"_blank\" rel=\"noopener noreferrer\">aqu\u00ed<\/a>.<\/p>\n<p><a class=\"textorosa broken_link\" href=\"http:\/\/www.likemycity.com\" target=\"_blank\" rel=\"noopener noreferrer\">www.likemycity.com<\/a><\/div>\n<\/div>\n<\/div>\n<div class=\"hablanfila\">\n<div class=\"hablanizq\"><a class=\"textorosabold\" href=\"http:\/\/www.byoutifulyou.com\/article\/fashion\/2012\/10\/18\/chanel-bags-for-everyone\/\" target=\"_blank\" rel=\"noopener noreferrer\"><img loading=\"lazy\" class=\"alignnone size-full wp-image-3463\" title=\"byoutifulyou\" src=\"http:\/\/silayaya.com\/blog\/wp-content\/uploads\/hablan_byoutifulyou.jpg\" alt=\"\" width=\"170\" height=\"170\" srcset=\"https:\/\/silayaya.com\/blog\/wp-content\/uploads\/hablan_byoutifulyou.jpg 170w, https:\/\/silayaya.com\/blog\/wp-content\/uploads\/hablan_byoutifulyou-150x150.jpg 150w\" sizes=\"(max-width: 170px) 100vw, 170px\" \/><\/a><\/div>\n<div class=\"hablander\">\n<div class=\"hablantitulo\">Bolsos Chanel para todo el mundo<\/div>\n<div class=\"hablandertexto\"><span class=\"hablanfecha\">18 octubre 2012<\/span><\/p>\n<p><strong>BYOUTIFULYOU<\/strong> es una revista online de moda con sede en Londres. Su editora encontr\u00f3 nuestra tienda en Etsy y se qued\u00f3 encantada con nuestros bolsos Crochet Chanel. En el art\u00edculo comenta que si Coco Chanel viera nuestros bolsos estar\u00eda encantada. \u00a1Qu\u00e9 honor! Lee el art\u00edculo <a class=\"textorosabold\" href=\"http:\/\/www.byoutifulyou.com\/article\/fashion\/2012\/10\/18\/chanel-bags-for-everyone\/\" target=\"_blank\" rel=\"noopener noreferrer\">aqu\u00ed<\/a>.<\/p>\n<p><a class=\"textorosa\" href=\"http:\/\/www.byoutifulyou.com\" target=\"_blank\" rel=\"noopener noreferrer\">www.byoutifulyou.com<\/a><\/div>\n<\/div>\n<\/div>\n<div class=\"hablanfila\">\n<div class=\"hablanizq\"><img loading=\"lazy\" class=\"alignnone size-full wp-image-3460\" title=\"todomini\" src=\"http:\/\/silayaya.com\/blog\/wp-content\/uploads\/hablan_todomini.jpg\" alt=\"\" width=\"170\" height=\"170\" srcset=\"https:\/\/silayaya.com\/blog\/wp-content\/uploads\/hablan_todomini.jpg 170w, https:\/\/silayaya.com\/blog\/wp-content\/uploads\/hablan_todomini-150x150.jpg 150w\" sizes=\"(max-width: 170px) 100vw, 170px\" \/><\/div>\n<div class=\"hablander\">\n<div class=\"hablantitulo\">Artesanio de la semana en Todomini<\/div>\n<div class=\"hablandertexto\"><span class=\"hablanfecha\">4 septiembre 2012<\/span><\/p>\n<p><strong>Todomini<\/strong> selecciona cada semana una tienda dentro de la comunidad Artesanio.com\u00a0y escribre sobre ella. Fuimos las elegidas y Marta (Todomini) habl\u00f3 de sus art\u00edculos preferidos de Silayaya. Puedes leer el art\u00edculo aqu\u00ed.<\/p>\n<p>www.todomini.net<\/p><\/div>\n<\/div>\n<\/div>\n<div class=\"hablanfila\">\n<div class=\"hablanizq\"><a class=\"textorosabold\" href=\"http:\/\/saraillamas.blogspot.com.es\/2011\/12\/navidades-handmade.html\" target=\"_blank\" rel=\"noopener noreferrer\"><img loading=\"lazy\" class=\"alignnone size-full wp-image-3467\" title=\" el blog de sarai llamas\" src=\"http:\/\/silayaya.com\/blog\/wp-content\/uploads\/hablan_sarai_llamas.jpg\" alt=\"\" width=\"170\" height=\"170\" srcset=\"https:\/\/silayaya.com\/blog\/wp-content\/uploads\/hablan_sarai_llamas.jpg 170w, https:\/\/silayaya.com\/blog\/wp-content\/uploads\/hablan_sarai_llamas-150x150.jpg 150w\" sizes=\"(max-width: 170px) 100vw, 170px\" \/><\/a><\/div>\n<div class=\"hablander\">\n<div class=\"hablantitulo\">Navidades handmade<\/div>\n<div class=\"hablandertexto\"><span class=\"hablanfecha\">1 diciembre 2011<\/span><\/p>\n<p><strong>Sarai Llamas<\/strong> es una madre muy ca\u00f1era y tiene un blog muy ca\u00f1ero tambi\u00e9n. Antes de navidad hizo unos posts donde recomendaba artesanos interesantes y daba ideas para regalar cositas hechas a mano. Tuvimos la suerte de compartir art\u00edculo con otros estupendos artesanos. Recu\u00e9rdalo <a class=\"textorosabold\" href=\"http:\/\/saraillamas.blogspot.com.es\/2011\/12\/navidades-handmade.html\" target=\"_blank\" rel=\"noopener noreferrer\">aqu\u00ed<\/a>.<\/p>\n<p><a class=\"textorosa\" href=\"http:\/\/saraillamas.blogspot.com.es\" target=\"_blank\" rel=\"noopener noreferrer\">saraillamas.blogspot.com.es<\/a><\/div>\n<\/div>\n<\/div>\n<\/div>\n<p><\/p>","protected":false},"excerpt":{"rendered":"<p>En esta p\u00e1gina vamos a ir recopilando todas las publicaciones que se hagan sobre SILAYAYA. Entrevista a Bego\u00f1a Lagar\u00f3n en Levante TV 25 enero 2013 Bego\u00f1a Lagar\u00f3n, directora de BELABA imagen personal y creatividad nos nombr\u00f3 en la entrevista que le hicieron en el programa Chic Chic de Levante TV. Puedes ver el v\u00eddeo de [&hellip;]<\/p>\n","protected":false},"author":1,"featured_media":0,"parent":0,"menu_order":0,"comment_status":"closed","ping_status":"closed","template":"","meta":[],"_links":{"self":[{"href":"https:\/\/silayaya.com\/blog\/wp-json\/wp\/v2\/pages\/3438"}],"collection":[{"href":"https:\/\/silayaya.com\/blog\/wp-json\/wp\/v2\/pages"}],"about":[{"href":"https:\/\/silayaya.com\/blog\/wp-json\/wp\/v2\/types\/page"}],"author":[{"embeddable":true,"href":"https:\/\/silayaya.com\/blog\/wp-json\/wp\/v2\/users\/1"}],"replies":[{"embeddable":true,"href":"https:\/\/silayaya.com\/blog\/wp-json\/wp\/v2\/comments?post=3438"}],"version-history":[{"count":71,"href":"https:\/\/silayaya.com\/blog\/wp-json\/wp\/v2\/pages\/3438\/revisions"}],"predecessor-version":[{"id":33085,"href":"https:\/\/silayaya.com\/blog\/wp-json\/wp\/v2\/pages\/3438\/revisions\/33085"}],"wp:attachment":[{"href":"https:\/\/silayaya.com\/blog\/wp-json\/wp\/v2\/media?parent=3438"}],"curies":[{"name":"wp","href":"https:\/\/api.w.org\/{rel}","templated":true}]}}