{"id":3438,"date":"2012-10-25T16:11:05","date_gmt":"2012-10-25T14:11:05","guid":{"rendered":"http:\/\/silayaya.com\/blog\/?page_id=3438"},"modified":"2022-09-28T19:01:52","modified_gmt":"2022-09-28T17:01:52","slug":"hablan-de-nosotras","status":"publish","type":"page","link":"https:\/\/silayaya.com\/blog\/en\/hablan-de-nosotras\/","title":{"rendered":"Others talk about us"},"content":{"rendered":"<p><\/p>\n<div id=\"hablan\">\n<div class=\"hablanespacio\">All this people have talked about SILAYAYA.<\/div>\n<div class=\"hablanfila\">\n<div class=\"hablanizq\"><img loading=\"lazy\" class=\"alignnone size-full wp-image-3823\" title=\"belaba chi chic levante tv\" src=\"http:\/\/silayaya.com\/blog\/wp-content\/uploads\/hablan_belaba_chichic.jpg\" alt=\"\" width=\"170\" height=\"170\" srcset=\"https:\/\/silayaya.com\/blog\/wp-content\/uploads\/hablan_belaba_chichic.jpg 170w, https:\/\/silayaya.com\/blog\/wp-content\/uploads\/hablan_belaba_chichic-150x150.jpg 150w\" sizes=\"(max-width: 170px) 100vw, 170px\" \/><\/div>\n<div class=\"hablander\">\n<div class=\"hablantitulo\">Interviewing to Bego\u00f1a Lagar\u00f3n in Levante TV<\/div>\n<div class=\"hablandertexto\"><span class=\"hablanfecha\">January, 25th 2013<\/span><\/p>\n<p>Bego\u00f1a Lagar\u00f3n, manager in <strong>BELABA imagen personal y creatividad<\/strong> talked about Silayaya in the TV programme Chic Chic in Levante TV.<br \/>\nYou can watch this interview on Youtube here. Only in Spanish.<\/p>\n<p>www.belaba.com<\/p><\/div>\n<\/div>\n<\/div>\n<div class=\"hablanfila\">\n<div class=\"hablanizq\"><a class=\"textorosabold\" href=\"http:\/\/bolsilandia.blogspot.com.es\/2013\/01\/silayaya.html\" target=\"_blank\" rel=\"noopener noreferrer\"><img loading=\"lazy\" class=\"alignnone size-full wp-image-3817\" title=\"de tacones y bolsos\" src=\"http:\/\/silayaya.com\/blog\/wp-content\/uploads\/hablan_detaconesybolsos.jpg\" alt=\"\" width=\"170\" height=\"170\" srcset=\"https:\/\/silayaya.com\/blog\/wp-content\/uploads\/hablan_detaconesybolsos.jpg 170w, https:\/\/silayaya.com\/blog\/wp-content\/uploads\/hablan_detaconesybolsos-150x150.jpg 150w\" sizes=\"(max-width: 170px) 100vw, 170px\" \/><\/a><\/div>\n<div class=\"hablander\">\n<div class=\"hablantitulo\">SILAYAYA on <em>De Tacones y Bolsos<\/em><\/div>\n<div class=\"hablandertexto\"><span class=\"hablanfecha\">January, 21st 2013<\/span><\/p>\n<p>Beatriz, blogger on <strong>De Tacones y Bolsos<\/strong> publishes a post talking about Silayaya.<\/p>\n<p><a class=\"textorosa\" href=\"http:\/\/bolsilandia.blogspot.com.es\" target=\"_blank\" rel=\"noopener noreferrer\">bolsilandia.blogspot.com.es<\/a><\/div>\n<\/div>\n<\/div>\n<div class=\"hablanfila\">\n<div class=\"hablanizq\"><img loading=\"lazy\" class=\"alignnone size-full wp-image-3829\" title=\"eva alba\" src=\"http:\/\/silayaya.com\/blog\/wp-content\/uploads\/hablan_eva_alba.jpg\" alt=\"\" width=\"170\" height=\"170\" srcset=\"https:\/\/silayaya.com\/blog\/wp-content\/uploads\/hablan_eva_alba.jpg 170w, https:\/\/silayaya.com\/blog\/wp-content\/uploads\/hablan_eva_alba-150x150.jpg 150w\" sizes=\"(max-width: 170px) 100vw, 170px\" \/><\/div>\n<div class=\"hablander\">\n<div class=\"hablantitulo\">SILAYAYA on Eva Alba&#8217;s blog<\/div>\n<div class=\"hablandertexto\"><span class=\"hablanfecha\">December 13th 2012<\/span><\/p>\n<p>The crafter <strong>Eva Alba<\/strong> interviewed us. Read the article here.<\/p>\n<p>www.evalbartesania.com<\/p><\/div>\n<\/div>\n<\/div>\n<div class=\"hablanfila\">\n<div class=\"hablanizq\"><a class=\"textorosabold broken_link\" href=\"http:\/\/www.likemycity.com\/2012\/10\/18\/chanel-bags-for-less-than-100\/\" target=\"_blank\" rel=\"noopener noreferrer\"><img loading=\"lazy\" class=\"alignnone size-full wp-image-3464\" title=\"like my city chanel\" src=\"http:\/\/silayaya.com\/blog\/wp-content\/uploads\/hablan_like_my_city_chanel.jpg\" alt=\"\" width=\"170\" height=\"170\" srcset=\"https:\/\/silayaya.com\/blog\/wp-content\/uploads\/hablan_like_my_city_chanel.jpg 170w, https:\/\/silayaya.com\/blog\/wp-content\/uploads\/hablan_like_my_city_chanel-150x150.jpg 150w\" sizes=\"(max-width: 170px) 100vw, 170px\" \/><\/a><\/div>\n<div class=\"hablander\">\n<div class=\"hablantitulo\">Chanel bags for less than \u00a3100!<\/div>\n<div class=\"hablandertexto\"><span class=\"hablanfecha\">October, 18th 2012<\/span><\/p>\n<p><strong>Like my city<\/strong> publishes a post called <em>Chanel bags for less than \u00a3100!<\/em><br \/>\nRead it <a class=\"textorosabold broken_link\" href=\"http:\/\/www.likemycity.com\/2012\/10\/18\/chanel-bags-for-less-than-100\/\" target=\"_blank\" rel=\"noopener noreferrer\">here<\/a>.<\/p>\n<p><a class=\"textorosa broken_link\" href=\"http:\/\/www.likemycity.com\" target=\"_blank\" rel=\"noopener noreferrer\">www.likemycity.com<\/a><\/div>\n<\/div>\n<\/div>\n<div class=\"hablanfila\">\n<div class=\"hablanizq\"><a class=\"textorosabold\" href=\"http:\/\/www.byoutifulyou.com\/article\/fashion\/2012\/10\/18\/chanel-bags-for-everyone\/\" target=\"_blank\" rel=\"noopener noreferrer\"><img loading=\"lazy\" class=\"alignnone size-full wp-image-3463\" title=\"byoutifulyou\" src=\"http:\/\/silayaya.com\/blog\/wp-content\/uploads\/hablan_byoutifulyou.jpg\" alt=\"\" width=\"170\" height=\"170\" srcset=\"https:\/\/silayaya.com\/blog\/wp-content\/uploads\/hablan_byoutifulyou.jpg 170w, https:\/\/silayaya.com\/blog\/wp-content\/uploads\/hablan_byoutifulyou-150x150.jpg 150w\" sizes=\"(max-width: 170px) 100vw, 170px\" \/><\/a><\/div>\n<div class=\"hablander\">\n<div class=\"hablantitulo\">Chanel bags for everyone!<\/div>\n<div class=\"hablandertexto\"><span class=\"hablanfecha\">October, 18th 2012<\/span><\/p>\n<p><strong>BYOUTIFULYOU<\/strong> is an online fashion magazine. Read the article <a class=\"textorosabold\" href=\"http:\/\/www.byoutifulyou.com\/article\/fashion\/2012\/10\/18\/chanel-bags-for-everyone\/\" target=\"_blank\" rel=\"noopener noreferrer\">here<\/a>.<\/p>\n<p><a class=\"textorosa\" href=\"http:\/\/www.byoutifulyou.com\" target=\"_blank\" rel=\"noopener noreferrer\">www.byoutifulyou.com<\/a><\/div>\n<\/div>\n<\/div>\n<div class=\"hablanfila\">\n<div class=\"hablanizq\"><img loading=\"lazy\" class=\"alignnone size-full wp-image-3460\" title=\"todomini\" src=\"http:\/\/silayaya.com\/blog\/wp-content\/uploads\/hablan_todomini.jpg\" alt=\"\" width=\"170\" height=\"170\" srcset=\"https:\/\/silayaya.com\/blog\/wp-content\/uploads\/hablan_todomini.jpg 170w, https:\/\/silayaya.com\/blog\/wp-content\/uploads\/hablan_todomini-150x150.jpg 150w\" sizes=\"(max-width: 170px) 100vw, 170px\" \/><\/div>\n<div class=\"hablander\">\n<div class=\"hablantitulo\">Artesanio of the week in Todomini<\/div>\n<div class=\"hablandertexto\"><span class=\"hablanfecha\">September, 4th 2012<\/span><\/p>\n<p><strong>Todomini<\/strong> choses a crafter from Artesanio.com every week and it writes about it. Read the post here.<\/p>\n<p>www.todomini.net<\/p><\/div>\n<\/div>\n<\/div>\n<div class=\"hablanfila\">\n<div class=\"hablanizq\"><a class=\"textorosabold\" href=\"http:\/\/saraillamas.blogspot.com.es\/2011\/12\/navidades-handmade.html\" target=\"_blank\" rel=\"noopener noreferrer\"><img loading=\"lazy\" class=\"alignnone size-full wp-image-3467\" title=\" el blog de sarai llamas\" src=\"http:\/\/silayaya.com\/blog\/wp-content\/uploads\/hablan_sarai_llamas.jpg\" alt=\"\" width=\"170\" height=\"170\" srcset=\"https:\/\/silayaya.com\/blog\/wp-content\/uploads\/hablan_sarai_llamas.jpg 170w, https:\/\/silayaya.com\/blog\/wp-content\/uploads\/hablan_sarai_llamas-150x150.jpg 150w\" sizes=\"(max-width: 170px) 100vw, 170px\" \/><\/a><\/div>\n<div class=\"hablander\">\n<div class=\"hablantitulo\">Handmade Christmas<\/div>\n<div class=\"hablandertexto\"><span class=\"hablanfecha\">December, 1st 2011<\/span><\/p>\n<p><strong>Sarai Llamas<\/strong> chose a few crafters to recommend them in order to visit their shops before Christmas. Remember it <a class=\"textorosabold\" href=\"http:\/\/saraillamas.blogspot.com.es\/2011\/12\/navidades-handmade.html\" target=\"_blank\" rel=\"noopener noreferrer\">here<\/a>.<\/p>\n<p><a class=\"textorosa\" href=\"http:\/\/saraillamas.blogspot.com.es\" target=\"_blank\" rel=\"noopener noreferrer\">saraillamas.blogspot.com.es<\/a><\/div>\n<\/div>\n<\/div>\n<\/div>\n<p><\/p>","protected":false},"excerpt":{"rendered":"<p>All this people have talked about SILAYAYA. Interviewing to Bego\u00f1a Lagar\u00f3n in Levante TV January, 25th 2013 Bego\u00f1a Lagar\u00f3n, manager in BELABA imagen personal y creatividad talked about Silayaya in the TV programme Chic Chic in Levante TV. You can watch this interview on Youtube here. Only in Spanish. www.belaba.com SILAYAYA on De Tacones y [&hellip;]<\/p>\n","protected":false},"author":1,"featured_media":0,"parent":0,"menu_order":0,"comment_status":"closed","ping_status":"closed","template":"","meta":[],"_links":{"self":[{"href":"https:\/\/silayaya.com\/blog\/en\/wp-json\/wp\/v2\/pages\/3438"}],"collection":[{"href":"https:\/\/silayaya.com\/blog\/en\/wp-json\/wp\/v2\/pages"}],"about":[{"href":"https:\/\/silayaya.com\/blog\/en\/wp-json\/wp\/v2\/types\/page"}],"author":[{"embeddable":true,"href":"https:\/\/silayaya.com\/blog\/en\/wp-json\/wp\/v2\/users\/1"}],"replies":[{"embeddable":true,"href":"https:\/\/silayaya.com\/blog\/en\/wp-json\/wp\/v2\/comments?post=3438"}],"version-history":[{"count":71,"href":"https:\/\/silayaya.com\/blog\/en\/wp-json\/wp\/v2\/pages\/3438\/revisions"}],"predecessor-version":[{"id":33085,"href":"https:\/\/silayaya.com\/blog\/en\/wp-json\/wp\/v2\/pages\/3438\/revisions\/33085"}],"wp:attachment":[{"href":"https:\/\/silayaya.com\/blog\/en\/wp-json\/wp\/v2\/media?parent=3438"}],"curies":[{"name":"wp","href":"https:\/\/api.w.org\/{rel}","templated":true}]}}